{"id":324,"date":"2024-08-10T19:52:39","date_gmt":"2024-08-10T17:52:39","guid":{"rendered":"https:\/\/dlab-live.de\/?page_id=324"},"modified":"2025-04-01T16:33:42","modified_gmt":"2025-04-01T14:33:42","slug":"forschungszentrum-elektrische-mobilitat","status":"publish","type":"page","link":"https:\/\/dlab-live.de\/en\/","title":{"rendered":"Home"},"content":{"rendered":"<div data-elementor-type=\"wp-page\" data-elementor-id=\"324\" class=\"elementor elementor-324\" data-elementor-post-type=\"page\">\n\t\t\t\t\t\t<section class=\"elementor-section elementor-top-section elementor-element elementor-element-4f9ea0c elementor-section-boxed elementor-section-height-default elementor-section-height-default wpr-particle-no wpr-jarallax-no wpr-parallax-no wpr-sticky-section-no\" data-id=\"4f9ea0c\" data-element_type=\"section\" data-settings=\"{&quot;background_background&quot;:&quot;classic&quot;}\">\n\t\t\t\t\t\t\t<div class=\"elementor-background-overlay\"><\/div>\n\t\t\t\t\t\t\t<div class=\"elementor-container elementor-column-gap-default\">\n\t\t\t\t\t<div class=\"elementor-column elementor-col-50 elementor-top-column elementor-element elementor-element-9ed94f7\" data-id=\"9ed94f7\" data-element_type=\"column\">\n\t\t\t<div class=\"elementor-widget-wrap elementor-element-populated\">\n\t\t\t\t\t\t<section class=\"elementor-section elementor-inner-section elementor-element elementor-element-155e825 elementor-section-boxed elementor-section-height-default elementor-section-height-default wpr-particle-no wpr-jarallax-no wpr-parallax-no wpr-sticky-section-no\" data-id=\"155e825\" data-element_type=\"section\">\n\t\t\t\t\t\t<div class=\"elementor-container elementor-column-gap-default\">\n\t\t\t\t\t<div class=\"elementor-column elementor-col-100 elementor-inner-column elementor-element elementor-element-70a0bca\" data-id=\"70a0bca\" data-element_type=\"column\">\n\t\t\t<div class=\"elementor-widget-wrap elementor-element-populated\">\n\t\t\t\t\t\t<div class=\"elementor-element elementor-element-8bad519 elementor-widget elementor-widget-heading\" data-id=\"8bad519\" data-element_type=\"widget\" data-widget_type=\"heading.default\">\n\t\t\t\t<div class=\"elementor-widget-container\">\n\t\t\t\t\t<h1 class=\"elementor-heading-title elementor-size-default\">Distributed Energy Laboratory<\/h1>\t\t\t\t<\/div>\n\t\t\t\t<\/div>\n\t\t\t\t<div class=\"elementor-element elementor-element-99443da elementor-widget elementor-widget-text-editor\" data-id=\"99443da\" data-element_type=\"widget\" data-widget_type=\"text-editor.default\">\n\t\t\t\t<div class=\"elementor-widget-container\">\n\t\t\t\t\t\t\t\t\t<p>Electrical Power Systems<\/p>\t\t\t\t\t\t\t\t<\/div>\n\t\t\t\t<\/div>\n\t\t\t\t\t<\/div>\n\t\t<\/div>\n\t\t\t\t\t<\/div>\n\t\t<\/section>\n\t\t\t\t\t<\/div>\n\t\t<\/div>\n\t\t\t\t<div class=\"elementor-column elementor-col-50 elementor-top-column elementor-element elementor-element-70ff987\" data-id=\"70ff987\" data-element_type=\"column\">\n\t\t\t<div class=\"elementor-widget-wrap elementor-element-populated\">\n\t\t\t\t\t\t<div class=\"elementor-element elementor-element-d00c044 elementor-widget elementor-widget-text-editor\" data-id=\"d00c044\" data-element_type=\"widget\" data-widget_type=\"text-editor.default\">\n\t\t\t\t<div class=\"elementor-widget-container\">\n\t\t\t\t\t\t\t\t\t<p>Wir beforschen und begleiten die Transformationsprozesse hin zu einer nachhatigen und sicheren Energieversorgung.<\/p>\t\t\t\t\t\t\t\t<\/div>\n\t\t\t\t<\/div>\n\t\t\t\t\t<\/div>\n\t\t<\/div>\n\t\t\t\t\t<\/div>\n\t\t<\/section>\n\t\t\t\t<section class=\"elementor-section elementor-top-section elementor-element elementor-element-f985cf0 elementor-section-boxed elementor-section-height-default elementor-section-height-default wpr-particle-no wpr-jarallax-no wpr-parallax-no wpr-sticky-section-no\" data-id=\"f985cf0\" data-element_type=\"section\" data-settings=\"{&quot;shape_divider_top&quot;:&quot;clouds&quot;,&quot;background_background&quot;:&quot;classic&quot;}\">\n\t\t\t\t\t<div class=\"elementor-shape elementor-shape-top\" aria-hidden=\"true\" data-negative=\"false\">\n\t\t\t<svg xmlns=\"http:\/\/www.w3.org\/2000\/svg\" viewbox=\"0 0 283.5 27.8\" preserveaspectratio=\"xMidYMax slice\">\n  <path class=\"elementor-shape-fill\" d=\"M0 0v6.7c1.9-.8 4.7-1.4 8.5-1 9.5 1.1 11.1 6 11.1 6s2.1-.7 4.3-.2c2.1.5 2.8 2.6 2.8 2.6s.2-.5 1.4-.7c1.2-.2 1.7.2 1.7.2s0-2.1 1.9-2.8c1.9-.7 3.6.7 3.6.7s.7-2.9 3.1-4.1 4.7 0 4.7 0 1.2-.5 2.4 0 1.7 1.4 1.7 1.4h1.4c.7 0 1.2.7 1.2.7s.8-1.8 4-2.2c3.5-.4 5.3 2.4 6.2 4.4.4-.4 1-.7 1.8-.9 2.8-.7 4 .7 4 .7s1.7-5 11.1-6c9.5-1.1 12.3 3.9 12.3 3.9s1.2-4.8 5.7-5.7c4.5-.9 6.8 1.8 6.8 1.8s.6-.6 1.5-.9c.9-.2 1.9-.2 1.9-.2s5.2-6.4 12.6-3.3c7.3 3.1 4.7 9 4.7 9s1.9-.9 4 0 2.8 2.4 2.8 2.4 1.9-1.2 4.5-1.2 4.3 1.2 4.3 1.2.2-1 1.4-1.7 2.1-.7 2.1-.7-.5-3.1 2.1-5.5 5.7-1.4 5.7-1.4 1.5-2.3 4.2-1.1c2.7 1.2 1.7 5.2 1.7 5.2s.3-.1 1.3.5c.5.4.8.8.9 1.1.5-1.4 2.4-5.8 8.4-4 7.1 2.1 3.5 8.9 3.5 8.9s.8-.4 2 0 1.1 1.1 1.1 1.1 1.1-1.1 2.3-1.1 2.1.5 2.1.5 1.9-3.6 6.2-1.2 1.9 6.4 1.9 6.4 2.6-2.4 7.4 0c3.4 1.7 3.9 4.9 3.9 4.9s3.3-6.9 10.4-7.9 11.5 2.6 11.5 2.6.8 0 1.2.2c.4.2.9.9.9.9s4.4-3.1 8.3.2c1.9 1.7 1.5 5 1.5 5s.3-1.1 1.6-1.4c1.3-.3 2.3.2 2.3.2s-.1-1.2.5-1.9 1.9-.9 1.9-.9-4.7-9.3 4.4-13.4c5.6-2.5 9.2.9 9.2.9s5-6.2 15.9-6.2 16.1 8.1 16.1 8.1.7-.2 1.6-.4V0H0z\"\/>\n<\/svg>\n\t\t<\/div>\n\t\t\t\t\t<div class=\"elementor-container elementor-column-gap-default\">\n\t\t\t\t\t<div class=\"elementor-column elementor-col-100 elementor-top-column elementor-element elementor-element-d1b87e6\" data-id=\"d1b87e6\" data-element_type=\"column\">\n\t\t\t<div class=\"elementor-widget-wrap elementor-element-populated\">\n\t\t\t\t\t\t<div class=\"elementor-element elementor-element-f131446 elementor-headline--style-highlight elementor-widget elementor-widget-animated-headline\" data-id=\"f131446\" data-element_type=\"widget\" data-settings=\"{&quot;marker&quot;:&quot;underline&quot;,&quot;highlighted_text&quot;:&quot;Distributed Energy Laboratory&quot;,&quot;headline_style&quot;:&quot;highlight&quot;,&quot;loop&quot;:&quot;yes&quot;,&quot;highlight_animation_duration&quot;:1200,&quot;highlight_iteration_delay&quot;:8000}\" data-widget_type=\"animated-headline.default\">\n\t\t\t\t<div class=\"elementor-widget-container\">\n\t\t\t\t\t\t\t\t<a href=\"https:\/\/www.hsu-hh.de\/\" target=\"_blank\">\n\n\t\t\t\t\t<h3 class=\"elementor-headline\">\n\t\t\t\t\t<span class=\"elementor-headline-plain-text elementor-headline-text-wrapper\">Willkommen auf der offiziellen Website des Forschungszentrums<\/span>\n\t\t\t\t<span class=\"elementor-headline-dynamic-wrapper elementor-headline-text-wrapper\">\n\t\t\t\t\t<span class=\"elementor-headline-dynamic-text elementor-headline-text-active\">Distributed Energy Laboratory<\/span>\n\t\t\t\t<\/span>\n\t\t\t\t<\/h3>\n\t\t<\/a>\t\t\t\t<\/div>\n\t\t\t\t<\/div>\n\t\t\t\t<div class=\"elementor-element elementor-element-efa3cc8 elementor-widget elementor-widget-text-editor\" data-id=\"efa3cc8\" data-element_type=\"widget\" data-widget_type=\"text-editor.default\">\n\t\t\t\t<div class=\"elementor-widget-container\">\n\t\t\t\t\t\t\t\t\t<p>Wir sind eine bunte Forschungsgruppe, die die Tranformation zu einer CO2-neutralen Zukunft der Industrie mit Kooperationen unterst\u00fctzt. Dabei setzen wir auf detaillierte Modellierung technischer Anlagen, umfangreiche Messkampagnen und die Entwicklung spezieller Analyse-Tools. \u00dcber Expertenwissen verf\u00fcgen wir in den folgenden Themengebieten:<span lang=\"DE-DE\" style=\"font-size: 12pt; line-height: 22.0083px; font-family: Aptos, 'Aptos_EmbeddedFont', 'Aptos_MSFontService', sans-serif;\" data-contrast=\"auto\"><br \/><\/span><\/p><ul><li>Wirkungsgradmessung und Auslegung von Ladeinfrastruktur<\/li><li>Analyse, Modellierung und Simulation von industriellen elektrischen Netzen<\/li><li>Durchf\u00fchrung umfangreicher Messkampagnen in elektrischen Anlagen<\/li><li>Messung der Netzimpedanz auf Nieder-, Mittel- und Hochspannung<\/li><li>Messungen der Power Quality industrieller Anlagen und Ma\u00dfnahmen zur Verbesserung<\/li><li>Berechnung Multi-Modaler Energiesysteme<\/li><\/ul>\t\t\t\t\t\t\t\t<\/div>\n\t\t\t\t<\/div>\n\t\t\t\t\t<\/div>\n\t\t<\/div>\n\t\t\t\t\t<\/div>\n\t\t<\/section>\n\t\t\t\t<\/div>","protected":false},"excerpt":{"rendered":"<p>Distributed Energy Laboratory Electrical Power Systems Wir beforschen und begleiten die Transformationsprozesse hin zu einer nachhatigen und sicheren Energieversorgung. Willkommen auf der offiziellen Website des Forschungszentrums Distributed Energy Laboratory Wir sind eine bunte Forschungsgruppe, die die Tranformation zu einer CO2-neutralen Zukunft der Industrie mit Kooperationen unterst\u00fctzt. Dabei setzen wir auf detaillierte Modellierung technischer Anlagen, umfangreiche Messkampagnen und die Entwicklung spezieller Analyse-Tools. \u00dcber Expertenwissen verf\u00fcgen wir in den folgenden Themengebieten: Wirkungsgradmessung und Auslegung von Ladeinfrastruktur Analyse, Modellierung und Simulation von industriellen elektrischen Netzen Durchf\u00fchrung umfangreicher Messkampagnen in elektrischen Anlagen Messung der Netzimpedanz auf Nieder-, Mittel- und Hochspannung Messungen der Power Quality industrieller Anlagen und Ma\u00dfnahmen zur Verbesserung Berechnung Multi-Modaler Energiesysteme<\/p>","protected":false},"author":1,"featured_media":128,"parent":0,"menu_order":0,"comment_status":"closed","ping_status":"closed","template":"","meta":{"ocean_post_layout":"","ocean_both_sidebars_style":"","ocean_both_sidebars_content_width":0,"ocean_both_sidebars_sidebars_width":0,"ocean_sidebar":"","ocean_second_sidebar":"","ocean_disable_margins":"enable","ocean_add_body_class":"","ocean_shortcode_before_top_bar":"","ocean_shortcode_after_top_bar":"","ocean_shortcode_before_header":"","ocean_shortcode_after_header":"","ocean_has_shortcode":"","ocean_shortcode_after_title":"","ocean_shortcode_before_footer_widgets":"","ocean_shortcode_after_footer_widgets":"","ocean_shortcode_before_footer_bottom":"","ocean_shortcode_after_footer_bottom":"","ocean_display_top_bar":"default","ocean_display_header":"default","ocean_header_style":"","ocean_center_header_left_menu":"","ocean_custom_header_template":"","ocean_custom_logo":0,"ocean_custom_retina_logo":0,"ocean_custom_logo_max_width":0,"ocean_custom_logo_tablet_max_width":0,"ocean_custom_logo_mobile_max_width":0,"ocean_custom_logo_max_height":0,"ocean_custom_logo_tablet_max_height":0,"ocean_custom_logo_mobile_max_height":0,"ocean_header_custom_menu":"","ocean_menu_typo_font_family":"","ocean_menu_typo_font_subset":"","ocean_menu_typo_font_size":0,"ocean_menu_typo_font_size_tablet":0,"ocean_menu_typo_font_size_mobile":0,"ocean_menu_typo_font_size_unit":"px","ocean_menu_typo_font_weight":"","ocean_menu_typo_font_weight_tablet":"","ocean_menu_typo_font_weight_mobile":"","ocean_menu_typo_transform":"","ocean_menu_typo_transform_tablet":"","ocean_menu_typo_transform_mobile":"","ocean_menu_typo_line_height":0,"ocean_menu_typo_line_height_tablet":0,"ocean_menu_typo_line_height_mobile":0,"ocean_menu_typo_line_height_unit":"","ocean_menu_typo_spacing":0,"ocean_menu_typo_spacing_tablet":0,"ocean_menu_typo_spacing_mobile":0,"ocean_menu_typo_spacing_unit":"","ocean_menu_link_color":"","ocean_menu_link_color_hover":"","ocean_menu_link_color_active":"","ocean_menu_link_background":"","ocean_menu_link_hover_background":"","ocean_menu_link_active_background":"","ocean_menu_social_links_bg":"","ocean_menu_social_hover_links_bg":"","ocean_menu_social_links_color":"","ocean_menu_social_hover_links_color":"","ocean_disable_title":"default","ocean_disable_heading":"default","ocean_post_title":"","ocean_post_subheading":"","ocean_post_title_style":"","ocean_post_title_background_color":"","ocean_post_title_background":0,"ocean_post_title_bg_image_position":"","ocean_post_title_bg_image_attachment":"","ocean_post_title_bg_image_repeat":"","ocean_post_title_bg_image_size":"","ocean_post_title_height":0,"ocean_post_title_bg_overlay":0.5,"ocean_post_title_bg_overlay_color":"","ocean_disable_breadcrumbs":"default","ocean_breadcrumbs_color":"","ocean_breadcrumbs_separator_color":"","ocean_breadcrumbs_links_color":"","ocean_breadcrumbs_links_hover_color":"","ocean_display_footer_widgets":"default","ocean_display_footer_bottom":"default","ocean_custom_footer_template":"","footnotes":""},"class_list":["post-324","page","type-page","status-publish","has-post-thumbnail","hentry","entry","has-media"],"yoast_head":"<!-- This site is optimized with the Yoast SEO plugin v25.5 - https:\/\/yoast.com\/wordpress\/plugins\/seo\/ -->\n<title>Ergebnisse des Forschungszentrum Elektrische Mobilit\u00e4t<\/title>\n<meta name=\"description\" content=\"Willkommen zu den Forschugsergebnissen des Forschungszentrum Elektrische Mobilit\u00e4t der Helmut-Schmidt-Universit\u00e4t Hamburg.\" \/>\n<meta name=\"robots\" content=\"index, follow, max-snippet:-1, max-image-preview:large, max-video-preview:-1\" \/>\n<link rel=\"canonical\" href=\"https:\/\/dlab-live.de\/en\/\" \/>\n<meta property=\"og:locale\" content=\"en_US\" \/>\n<meta property=\"og:type\" content=\"article\" \/>\n<meta property=\"og:title\" content=\"Ergebnisse des Forschungszentrum Elektrische Mobilit\u00e4t\" \/>\n<meta property=\"og:description\" content=\"Willkommen zu den Forschugsergebnissen des Forschungszentrum Elektrische Mobilit\u00e4t der Helmut-Schmidt-Universit\u00e4t Hamburg.\" \/>\n<meta property=\"og:url\" content=\"https:\/\/dlab-live.de\/en\/\" \/>\n<meta property=\"og:site_name\" content=\"DLab\" \/>\n<meta property=\"article:modified_time\" content=\"2025-04-01T14:33:42+00:00\" \/>\n<meta property=\"og:image\" content=\"https:\/\/dlab-live.de\/wp-content\/uploads\/2023\/08\/Stecker.png\" \/>\n\t<meta property=\"og:image:width\" content=\"167\" \/>\n\t<meta property=\"og:image:height\" content=\"127\" \/>\n\t<meta property=\"og:image:type\" content=\"image\/png\" \/>\n<meta name=\"twitter:card\" content=\"summary_large_image\" \/>\n<meta name=\"twitter:label1\" content=\"Est. reading time\" \/>\n\t<meta name=\"twitter:data1\" content=\"1 minute\" \/>\n<script type=\"application\/ld+json\" class=\"yoast-schema-graph\">{\"@context\":\"https:\/\/schema.org\",\"@graph\":[{\"@type\":\"WebPage\",\"@id\":\"https:\/\/dlab-live.de\/\",\"url\":\"https:\/\/dlab-live.de\/\",\"name\":\"Ergebnisse des Forschungszentrum Elektrische Mobilit\u00e4t\",\"isPartOf\":{\"@id\":\"https:\/\/dlab-live.de\/#website\"},\"primaryImageOfPage\":{\"@id\":\"https:\/\/dlab-live.de\/#primaryimage\"},\"image\":{\"@id\":\"https:\/\/dlab-live.de\/#primaryimage\"},\"thumbnailUrl\":\"https:\/\/dlab-live.de\/wp-content\/uploads\/2023\/08\/Stecker.png\",\"datePublished\":\"2024-08-10T17:52:39+00:00\",\"dateModified\":\"2025-04-01T14:33:42+00:00\",\"description\":\"Willkommen zu den Forschugsergebnissen des Forschungszentrum Elektrische Mobilit\u00e4t der Helmut-Schmidt-Universit\u00e4t Hamburg.\",\"breadcrumb\":{\"@id\":\"https:\/\/dlab-live.de\/#breadcrumb\"},\"inLanguage\":\"en-US\",\"potentialAction\":[{\"@type\":\"ReadAction\",\"target\":[\"https:\/\/dlab-live.de\/\"]}]},{\"@type\":\"ImageObject\",\"inLanguage\":\"en-US\",\"@id\":\"https:\/\/dlab-live.de\/#primaryimage\",\"url\":\"https:\/\/dlab-live.de\/wp-content\/uploads\/2023\/08\/Stecker.png\",\"contentUrl\":\"https:\/\/dlab-live.de\/wp-content\/uploads\/2023\/08\/Stecker.png\",\"width\":167,\"height\":127},{\"@type\":\"BreadcrumbList\",\"@id\":\"https:\/\/dlab-live.de\/#breadcrumb\",\"itemListElement\":[{\"@type\":\"ListItem\",\"position\":1,\"name\":\"Startseite\",\"item\":\"https:\/\/dlab-live.de\/\"},{\"@type\":\"ListItem\",\"position\":2,\"name\":\"Home\"}]},{\"@type\":\"WebSite\",\"@id\":\"https:\/\/dlab-live.de\/#website\",\"url\":\"https:\/\/dlab-live.de\/\",\"name\":\"Forschungszentrum Elektrische Mobilit\u00e4t\",\"description\":\"Distributed Energy Laboratory\",\"publisher\":{\"@id\":\"https:\/\/dlab-live.de\/#organization\"},\"potentialAction\":[{\"@type\":\"SearchAction\",\"target\":{\"@type\":\"EntryPoint\",\"urlTemplate\":\"https:\/\/dlab-live.de\/?s={search_term_string}\"},\"query-input\":{\"@type\":\"PropertyValueSpecification\",\"valueRequired\":true,\"valueName\":\"search_term_string\"}}],\"inLanguage\":\"en-US\"},{\"@type\":\"Organization\",\"@id\":\"https:\/\/dlab-live.de\/#organization\",\"name\":\"DLab Electrical Power Systems\",\"url\":\"https:\/\/dlab-live.de\/\",\"logo\":{\"@type\":\"ImageObject\",\"inLanguage\":\"en-US\",\"@id\":\"https:\/\/dlab-live.de\/#\/schema\/logo\/image\/\",\"url\":\"http:\/\/dlab-live.de\/wp-content\/uploads\/2024\/08\/DLab_ElectricalPowerSystems_Logo__WEISS-1050x679-1.png\",\"contentUrl\":\"http:\/\/dlab-live.de\/wp-content\/uploads\/2024\/08\/DLab_ElectricalPowerSystems_Logo__WEISS-1050x679-1.png\",\"width\":1050,\"height\":679,\"caption\":\"DLab Electrical Power Systems\"},\"image\":{\"@id\":\"https:\/\/dlab-live.de\/#\/schema\/logo\/image\/\"}}]}<\/script>\n<!-- \/ Yoast SEO plugin. -->","yoast_head_json":{"title":"Ergebnisse des Forschungszentrum Elektrische Mobilit\u00e4t","description":"Willkommen zu den Forschugsergebnissen des Forschungszentrum Elektrische Mobilit\u00e4t der Helmut-Schmidt-Universit\u00e4t Hamburg.","robots":{"index":"index","follow":"follow","max-snippet":"max-snippet:-1","max-image-preview":"max-image-preview:large","max-video-preview":"max-video-preview:-1"},"canonical":"https:\/\/dlab-live.de\/en\/","og_locale":"en_US","og_type":"article","og_title":"Ergebnisse des Forschungszentrum Elektrische Mobilit\u00e4t","og_description":"Willkommen zu den Forschugsergebnissen des Forschungszentrum Elektrische Mobilit\u00e4t der Helmut-Schmidt-Universit\u00e4t Hamburg.","og_url":"https:\/\/dlab-live.de\/en\/","og_site_name":"DLab","article_modified_time":"2025-04-01T14:33:42+00:00","og_image":[{"width":167,"height":127,"url":"https:\/\/dlab-live.de\/wp-content\/uploads\/2023\/08\/Stecker.png","type":"image\/png"}],"twitter_card":"summary_large_image","twitter_misc":{"Est. reading time":"1 minute"},"schema":{"@context":"https:\/\/schema.org","@graph":[{"@type":"WebPage","@id":"https:\/\/dlab-live.de\/","url":"https:\/\/dlab-live.de\/","name":"Ergebnisse des Forschungszentrum Elektrische Mobilit\u00e4t","isPartOf":{"@id":"https:\/\/dlab-live.de\/#website"},"primaryImageOfPage":{"@id":"https:\/\/dlab-live.de\/#primaryimage"},"image":{"@id":"https:\/\/dlab-live.de\/#primaryimage"},"thumbnailUrl":"https:\/\/dlab-live.de\/wp-content\/uploads\/2023\/08\/Stecker.png","datePublished":"2024-08-10T17:52:39+00:00","dateModified":"2025-04-01T14:33:42+00:00","description":"Willkommen zu den Forschugsergebnissen des Forschungszentrum Elektrische Mobilit\u00e4t der Helmut-Schmidt-Universit\u00e4t Hamburg.","breadcrumb":{"@id":"https:\/\/dlab-live.de\/#breadcrumb"},"inLanguage":"en-US","potentialAction":[{"@type":"ReadAction","target":["https:\/\/dlab-live.de\/"]}]},{"@type":"ImageObject","inLanguage":"en-US","@id":"https:\/\/dlab-live.de\/#primaryimage","url":"https:\/\/dlab-live.de\/wp-content\/uploads\/2023\/08\/Stecker.png","contentUrl":"https:\/\/dlab-live.de\/wp-content\/uploads\/2023\/08\/Stecker.png","width":167,"height":127},{"@type":"BreadcrumbList","@id":"https:\/\/dlab-live.de\/#breadcrumb","itemListElement":[{"@type":"ListItem","position":1,"name":"Startseite","item":"https:\/\/dlab-live.de\/"},{"@type":"ListItem","position":2,"name":"Home"}]},{"@type":"WebSite","@id":"https:\/\/dlab-live.de\/#website","url":"https:\/\/dlab-live.de\/","name":"Forschungszentrum Elektrische Mobilit\u00e4t","description":"Distributed Energy Laboratory","publisher":{"@id":"https:\/\/dlab-live.de\/#organization"},"potentialAction":[{"@type":"SearchAction","target":{"@type":"EntryPoint","urlTemplate":"https:\/\/dlab-live.de\/?s={search_term_string}"},"query-input":{"@type":"PropertyValueSpecification","valueRequired":true,"valueName":"search_term_string"}}],"inLanguage":"en-US"},{"@type":"Organization","@id":"https:\/\/dlab-live.de\/#organization","name":"DLab Electrical Power Systems","url":"https:\/\/dlab-live.de\/","logo":{"@type":"ImageObject","inLanguage":"en-US","@id":"https:\/\/dlab-live.de\/#\/schema\/logo\/image\/","url":"http:\/\/dlab-live.de\/wp-content\/uploads\/2024\/08\/DLab_ElectricalPowerSystems_Logo__WEISS-1050x679-1.png","contentUrl":"http:\/\/dlab-live.de\/wp-content\/uploads\/2024\/08\/DLab_ElectricalPowerSystems_Logo__WEISS-1050x679-1.png","width":1050,"height":679,"caption":"DLab Electrical Power Systems"},"image":{"@id":"https:\/\/dlab-live.de\/#\/schema\/logo\/image\/"}}]}},"_links":{"self":[{"href":"https:\/\/dlab-live.de\/en\/wp-json\/wp\/v2\/pages\/324","targetHints":{"allow":["GET"]}}],"collection":[{"href":"https:\/\/dlab-live.de\/en\/wp-json\/wp\/v2\/pages"}],"about":[{"href":"https:\/\/dlab-live.de\/en\/wp-json\/wp\/v2\/types\/page"}],"author":[{"embeddable":true,"href":"https:\/\/dlab-live.de\/en\/wp-json\/wp\/v2\/users\/1"}],"replies":[{"embeddable":true,"href":"https:\/\/dlab-live.de\/en\/wp-json\/wp\/v2\/comments?post=324"}],"version-history":[{"count":0,"href":"https:\/\/dlab-live.de\/en\/wp-json\/wp\/v2\/pages\/324\/revisions"}],"wp:featuredmedia":[{"embeddable":true,"href":"https:\/\/dlab-live.de\/en\/wp-json\/wp\/v2\/media\/128"}],"wp:attachment":[{"href":"https:\/\/dlab-live.de\/en\/wp-json\/wp\/v2\/media?parent=324"}],"curies":[{"name":"wp","href":"https:\/\/api.w.org\/{rel}","templated":true}]}}